{"id":186,"date":"2014-01-31T11:17:27","date_gmt":"2014-01-31T11:17:27","guid":{"rendered":"http:\/\/www.dutchnationalteam.nl\/mdnt\/?page_id=186"},"modified":"2017-08-02T20:43:58","modified_gmt":"2017-08-02T19:43:58","slug":"destination-denver","status":"publish","type":"page","link":"https:\/\/www.dutchnationalteam.nl\/mdnt\/history\/destination-denver\/","title":{"rendered":"EC 2016"},"content":{"rendered":"<p style=\"text-align: center;\">European Championships for MDNT in Budapest was mostly a success, finishing at 5-3 for a rank of 7. We were a medal aspiring team, but walked away with good momentum and memories to build on for the World Championships in 2018.<\/p>\n<p><a href=\"http:\/\/www.dutchnationalteam.nl\/mdnt\/wp-content\/uploads\/2014\/01\/8-2-2017-18-38-04-1.png\"><img decoding=\"async\" loading=\"lazy\" class=\"size-full wp-image-1102 aligncenter\" src=\"http:\/\/www.dutchnationalteam.nl\/mdnt\/wp-content\/uploads\/2014\/01\/8-2-2017-18-38-04-1.png\" alt=\"\" width=\"650\" height=\"434\" srcset=\"https:\/\/www.dutchnationalteam.nl\/mdnt\/wp-content\/uploads\/2014\/01\/8-2-2017-18-38-04-1.png 650w, https:\/\/www.dutchnationalteam.nl\/mdnt\/wp-content\/uploads\/2014\/01\/8-2-2017-18-38-04-1-350x234.png 350w, https:\/\/www.dutchnationalteam.nl\/mdnt\/wp-content\/uploads\/2014\/01\/8-2-2017-18-38-04-1-300x200.png 300w, https:\/\/www.dutchnationalteam.nl\/mdnt\/wp-content\/uploads\/2014\/01\/8-2-2017-18-38-04-1-128x85.png 128w, https:\/\/www.dutchnationalteam.nl\/mdnt\/wp-content\/uploads\/2014\/01\/8-2-2017-18-38-04-1-32x21.png 32w\" sizes=\"(max-width: 650px) 100vw, 650px\" \/><\/a><\/p>\n<p style=\"text-align: center;\"><strong>RESULTS<\/strong><\/p>\n<table style=\"height: 321px;\" width=\"383\">\n<tbody>\n<tr>\n<td width=\"105\">Netherlands vs.<\/td>\n<td width=\"64\">France<\/td>\n<td width=\"64\">W, 21\u20131<\/td>\n<\/tr>\n<tr>\n<td>Netherlands vs.<\/td>\n<td>Russia<\/td>\n<td>W, 15-4<\/td>\n<\/tr>\n<tr>\n<td>Netherlands vs.<\/td>\n<td>Slovakia<\/td>\n<td>W, 19\u20137<\/td>\n<\/tr>\n<tr>\n<td>Netherlands vs.<\/td>\n<td>Poland<\/td>\n<td>W, 4\u20132<\/td>\n<\/tr>\n<tr>\n<td>Netherlands vs.<\/td>\n<td>Finland<\/td>\n<td>L, 2\u201311<\/td>\n<\/tr>\n<tr>\n<td>Netherlands vs.<\/td>\n<td>Wales<\/td>\n<td>L, 5-12<\/td>\n<\/tr>\n<tr>\n<td>Netherlands vs.<\/td>\n<td>Germany<\/td>\n<td>L, 5-9<\/td>\n<\/tr>\n<tr>\n<td>Netherlands vs.<\/td>\n<td>Scotland<\/td>\n<td>W, 11-8<\/td>\n<\/tr>\n<\/tbody>\n<\/table>\n<p style=\"text-align: center;\"><strong>ROSTER<\/strong><\/p>\n<table width=\"298\">\n<tbody>\n<tr>\n<td width=\"117\"><strong>Firstname<\/strong><\/td>\n<td width=\"123\"><strong>Last name<\/strong><\/td>\n<td width=\"58\"><strong>Position<\/strong><\/td>\n<\/tr>\n<tr>\n<td>Ingmar<\/td>\n<td>Bolderink<\/td>\n<td>A<\/td>\n<\/tr>\n<tr>\n<td>Ingmar<\/td>\n<td>Klienbannink<\/td>\n<td>A<\/td>\n<\/tr>\n<tr>\n<td>Taylor<\/td>\n<td>Koncen<\/td>\n<td>A<\/td>\n<\/tr>\n<tr>\n<td>Jelle<\/td>\n<td>Tuinhout<\/td>\n<td>A<\/td>\n<\/tr>\n<tr>\n<td>Jorrit<\/td>\n<td>Duininck<\/td>\n<td>D<\/td>\n<\/tr>\n<tr>\n<td>Lionel van<\/td>\n<td>Est<\/td>\n<td>D<\/td>\n<\/tr>\n<tr>\n<td>Ian de<\/td>\n<td>Ruiter<\/td>\n<td>D<\/td>\n<\/tr>\n<tr>\n<td>Stijn<\/td>\n<td>Schetters<\/td>\n<td>D<\/td>\n<\/tr>\n<tr>\n<td>Rick van<\/td>\n<td>Kruchten<\/td>\n<td>D\/LSM<\/td>\n<\/tr>\n<tr>\n<td>Jesse<\/td>\n<td>Morssinkhof<\/td>\n<td>D\/LSM<\/td>\n<\/tr>\n<tr>\n<td>Jan Jaap van<\/td>\n<td>Noort<\/td>\n<td>D\/LSM<\/td>\n<\/tr>\n<tr>\n<td>Cole<\/td>\n<td>Bardawill<\/td>\n<td>G<\/td>\n<\/tr>\n<tr>\n<td>Max<\/td>\n<td>Struever<\/td>\n<td>G<\/td>\n<\/tr>\n<tr>\n<td>Jorik van<\/td>\n<td>Baal<\/td>\n<td>M<\/td>\n<\/tr>\n<tr>\n<td>Erik<\/td>\n<td>Hoogeveen<\/td>\n<td>M<\/td>\n<\/tr>\n<tr>\n<td>Charlie<\/td>\n<td>McCormick<\/td>\n<td>M<\/td>\n<\/tr>\n<tr>\n<td>Wieland<\/td>\n<td>Muskens<\/td>\n<td>M<\/td>\n<\/tr>\n<tr>\n<td>Graham<\/td>\n<td>Rikhof<\/td>\n<td>M<\/td>\n<\/tr>\n<tr>\n<td>Adrian<\/td>\n<td>Shaproski<\/td>\n<td>M<\/td>\n<\/tr>\n<tr>\n<td>Jimmy<\/td>\n<td>Van de Veerdonk<\/td>\n<td>M<\/td>\n<\/tr>\n<tr>\n<td>Bas<\/td>\n<td>Verhaar<\/td>\n<td>M<\/td>\n<\/tr>\n<tr>\n<td>Hielke-Martijn de<\/td>\n<td>Vries<\/td>\n<td>M<\/td>\n<\/tr>\n<tr>\n<td>Jelle-Eric de<\/td>\n<td>Vries<\/td>\n<td>M<\/td>\n<\/tr>\n<\/tbody>\n<\/table>\n<p style=\"text-align: center;\">Congratulations to our award winners (left to right): Jelle Tuinhout (Offensive MVP), Jelle-Eric de Vries (Team MVP), Hielke-Martijn de Vries (Coach&#8217;s Award), Ian de Ruiter (Defensive MVP).<\/p>\n<p><a href=\"http:\/\/www.dutchnationalteam.nl\/mdnt\/wp-content\/uploads\/2014\/01\/8-2-2017-18-43-35.png\"><img decoding=\"async\" loading=\"lazy\" class=\"aligncenter size-full wp-image-1104\" src=\"http:\/\/www.dutchnationalteam.nl\/mdnt\/wp-content\/uploads\/2014\/01\/8-2-2017-18-43-35.png\" alt=\"\" width=\"650\" height=\"434\" srcset=\"https:\/\/www.dutchnationalteam.nl\/mdnt\/wp-content\/uploads\/2014\/01\/8-2-2017-18-43-35.png 650w, https:\/\/www.dutchnationalteam.nl\/mdnt\/wp-content\/uploads\/2014\/01\/8-2-2017-18-43-35-350x234.png 350w, https:\/\/www.dutchnationalteam.nl\/mdnt\/wp-content\/uploads\/2014\/01\/8-2-2017-18-43-35-300x200.png 300w, https:\/\/www.dutchnationalteam.nl\/mdnt\/wp-content\/uploads\/2014\/01\/8-2-2017-18-43-35-128x85.png 128w, https:\/\/www.dutchnationalteam.nl\/mdnt\/wp-content\/uploads\/2014\/01\/8-2-2017-18-43-35-32x21.png 32w\" sizes=\"(max-width: 650px) 100vw, 650px\" \/><\/a><\/p>\n<p style=\"text-align: center;\">We were also featured on the local Hungarian news. First time P\u00fcsp\u00f6kszil\u00e1gyon saw lacrosse. We knew it was something special after the mayor and a film crew taped us.<\/p>\n<p><iframe loading=\"lazy\" width=\"525\" height=\"295\" src=\"https:\/\/www.youtube.com\/embed\/ICUDtYTIr34?feature=oembed\" frameborder=\"0\" allowfullscreen><\/iframe><\/p>\n<p style=\"text-align: center;\">A huge thanks to all our supporters, players and sponsors that made this tournament a memorable one.<\/p>\n<p style=\"text-align: center;\">For a detailed breakdown, click <a href=\"https:\/\/en.wikipedia.org\/wiki\/2016_European_Lacrosse_Championship\" target=\"_blank\" rel=\"noopener\">here,\u00a0<\/a>or read our <a href=\"http:\/\/www.dutchnationalteam.nl\/mdnt\/?page_id=16\">blog<\/a>.<\/p>\n<p>&nbsp;<\/p>\n<p>&nbsp;<\/p>\n<p><!--:--><\/p>\n","protected":false},"excerpt":{"rendered":"<p>European Championships for MDNT in Budapest was mostly a success, finishing at 5-3 for a rank of 7. We were a medal aspiring team, but walked away with good momentum and memories to build on for the World Championships in 2018. RESULTS Netherlands vs. France W, 21\u20131 Netherlands vs. Russia W, 15-4 Netherlands vs. Slovakia &hellip; <\/p>\n<p class=\"link-more\"><a href=\"https:\/\/www.dutchnationalteam.nl\/mdnt\/history\/destination-denver\/\" class=\"more-link\">Continue reading<span class=\"screen-reader-text\"> &#8220;EC 2016&#8221;<\/span><\/a><\/p>\n","protected":false},"author":1,"featured_media":0,"parent":28,"menu_order":100,"comment_status":"closed","ping_status":"closed","template":"","meta":{"_links_to":"","_links_to_target":""},"_links":{"self":[{"href":"https:\/\/www.dutchnationalteam.nl\/mdnt\/wp-json\/wp\/v2\/pages\/186"}],"collection":[{"href":"https:\/\/www.dutchnationalteam.nl\/mdnt\/wp-json\/wp\/v2\/pages"}],"about":[{"href":"https:\/\/www.dutchnationalteam.nl\/mdnt\/wp-json\/wp\/v2\/types\/page"}],"author":[{"embeddable":true,"href":"https:\/\/www.dutchnationalteam.nl\/mdnt\/wp-json\/wp\/v2\/users\/1"}],"replies":[{"embeddable":true,"href":"https:\/\/www.dutchnationalteam.nl\/mdnt\/wp-json\/wp\/v2\/comments?post=186"}],"version-history":[{"count":31,"href":"https:\/\/www.dutchnationalteam.nl\/mdnt\/wp-json\/wp\/v2\/pages\/186\/revisions"}],"predecessor-version":[{"id":1209,"href":"https:\/\/www.dutchnationalteam.nl\/mdnt\/wp-json\/wp\/v2\/pages\/186\/revisions\/1209"}],"up":[{"embeddable":true,"href":"https:\/\/www.dutchnationalteam.nl\/mdnt\/wp-json\/wp\/v2\/pages\/28"}],"wp:attachment":[{"href":"https:\/\/www.dutchnationalteam.nl\/mdnt\/wp-json\/wp\/v2\/media?parent=186"}],"curies":[{"name":"wp","href":"https:\/\/api.w.org\/{rel}","templated":true}]}}